{"id":378,"date":"2023-10-16T22:26:47","date_gmt":"2023-10-16T20:26:47","guid":{"rendered":"https:\/\/www.glms.eu\/?page_id=378"},"modified":"2023-10-16T22:40:11","modified_gmt":"2023-10-16T20:40:11","slug":"rite-francais-1801","status":"publish","type":"page","link":"https:\/\/www.glms.eu\/index.php\/rite-francais-1801\/","title":{"rendered":"Rite Fran\u00e7ais 1801"},"content":{"rendered":"\n<blockquote class=\"wp-block-quote is-layout-flow wp-block-quote-is-layout-flow\">\n<blockquote class=\"wp-block-quote is-layout-flow wp-block-quote-is-layout-flow\">\n<blockquote class=\"wp-block-quote is-layout-flow wp-block-quote-is-layout-flow\">\n<blockquote class=\"wp-block-quote is-layout-flow wp-block-quote-is-layout-flow\">\n<p style=\"font-size:31px\"><em>Histoire du Rite Fran\u00e7ais<\/em><\/p>\n<cite>Wikip\u00e9dia<\/cite><\/blockquote>\n<\/blockquote>\n<\/blockquote>\n<\/blockquote>\n\n\n\n<p>Le\u00a0Rite fran\u00e7ais\u00a0est un\u00a0rite ma\u00e7onnique\u00a0constitu\u00e9 et codifi\u00e9 par le\u00a0Grand Orient de France\u00a0en 1783-1786 sous le nom de\u00a0\u00ab\u00a0Rit\u00a0\u00bb\u00a0en 7 grades suivant le R\u00e9gime du Grand Orient de France\u00a0\u00bb. Consubstantiel \u00e0 la naissance du Grand Orient de France, il est son rite de fondation cr\u00e9\u00e9 en vue d\u2019unifier les pratiques de ses loges. Descendant en droite ligne des usages premiers de la\u00a0franc-ma\u00e7onnerie sp\u00e9culative\u00a0; il contient et v\u00e9hicule les plus anciennes traditions rituelles et initiatiques de la franc-ma\u00e7onnerie n\u00e9es en\u00a0\u00c9cosse, puis en\u00a0Angleterre. La codification du\u00a0XVIII\u00a0si\u00e8cle le structure en deux composantes graduelles, une symbolique en trois grades et une philosophique qui prend le nom au\u00a0XXe\u00a0si\u00e8cle d\u2019\u00ab\u00a0Ordres de Sagesse\u00a0\u00bb, en quatre ordres. Un cinqui\u00e8me ordre, administratif et conservatoire, cl\u00f4ture cette codification.<\/p>\n\n\n\n<div class=\"wp-block-media-text is-stacked-on-mobile\"><figure class=\"wp-block-media-text__media\"><img loading=\"lazy\" decoding=\"async\" width=\"614\" height=\"800\" src=\"https:\/\/www.glms.eu\/wp-content\/uploads\/2023\/10\/w614.jpeg\" alt=\"\" class=\"wp-image-386 size-full\" srcset=\"https:\/\/www.glms.eu\/wp-content\/uploads\/2023\/10\/w614.jpeg 614w, https:\/\/www.glms.eu\/wp-content\/uploads\/2023\/10\/w614-230x300.jpeg 230w\" sizes=\"auto, (max-width: 614px) 100vw, 614px\" \/><\/figure><div class=\"wp-block-media-text__content\">\n<p>H\u00e9ritier des plus vieilles traditions des\u00a0\u00ab\u00a0Rites modernes\u00a0\u00bb, le Rite fran\u00e7ais, malgr\u00e9 les r\u00e9formes successives qui l\u2019ont parfois \u00e9loign\u00e9 puis parfois restitu\u00e9 dans sa tradition, a gard\u00e9 encore au\u00a0xxi<sup>e<\/sup>\u00a0si\u00e8cle et dans ses diff\u00e9rentes variantes les caract\u00e9ristiques fondamentales qui le rattachent aux plus vieilles traditions de la\u00a0ma\u00e7onnerie sp\u00e9culative. Le tableau ou le\u00a0tapis de loge, la disposition des chandeliers autour de celui-ci, la position des colonnes\u00a0\u00ab\u00a0J\u00a0\u00bb\u00a0et\u00a0\u00ab\u00a0B\u00a0\u00bb\u00a0et celles des surveillants, les batteries en\u00a0\u00ab\u00a0deux coups brefs et un plus long\u00a0\u00bb, le port de l\u2019\u00e9p\u00e9e, l\u2019entame du pied droit, toutes choses que la\u00a0Grande Loge des anciens\u00a0changea par la suite.<\/p>\n<\/div><\/div>\n","protected":false},"excerpt":{"rendered":"<p>Le\u00a0Rite fran\u00e7ais\u00a0est un\u00a0rite ma\u00e7onnique\u00a0constitu\u00e9 et codifi\u00e9 par le\u00a0Grand Orient de France\u00a0en 1783-1786 sous le nom de\u00a0\u00ab\u00a0Rit\u00a0\u00bb\u00a0en 7 grades suivant le R\u00e9gime du Grand Orient de France\u00a0\u00bb. Consubstantiel \u00e0 la naissance du Grand Orient de France, il est son rite de fondation cr\u00e9\u00e9 en vue d\u2019unifier les pratiques de ses loges. Descendant en droite ligne des &hellip; <\/p>\n<p class=\"link-more\"><a href=\"https:\/\/www.glms.eu\/index.php\/rite-francais-1801\/\" class=\"more-link\">Continuer la lecture<span class=\"screen-reader-text\"> de &laquo;&nbsp;Rite Fran\u00e7ais 1801&nbsp;&raquo;<\/span><\/a><\/p>\n","protected":false},"author":1,"featured_media":0,"parent":0,"menu_order":0,"comment_status":"closed","ping_status":"closed","template":"","meta":{"footnotes":""},"class_list":["post-378","page","type-page","status-publish","hentry"],"_links":{"self":[{"href":"https:\/\/www.glms.eu\/index.php\/wp-json\/wp\/v2\/pages\/378","targetHints":{"allow":["GET"]}}],"collection":[{"href":"https:\/\/www.glms.eu\/index.php\/wp-json\/wp\/v2\/pages"}],"about":[{"href":"https:\/\/www.glms.eu\/index.php\/wp-json\/wp\/v2\/types\/page"}],"author":[{"embeddable":true,"href":"https:\/\/www.glms.eu\/index.php\/wp-json\/wp\/v2\/users\/1"}],"replies":[{"embeddable":true,"href":"https:\/\/www.glms.eu\/index.php\/wp-json\/wp\/v2\/comments?post=378"}],"version-history":[{"count":6,"href":"https:\/\/www.glms.eu\/index.php\/wp-json\/wp\/v2\/pages\/378\/revisions"}],"predecessor-version":[{"id":388,"href":"https:\/\/www.glms.eu\/index.php\/wp-json\/wp\/v2\/pages\/378\/revisions\/388"}],"wp:attachment":[{"href":"https:\/\/www.glms.eu\/index.php\/wp-json\/wp\/v2\/media?parent=378"}],"curies":[{"name":"wp","href":"https:\/\/api.w.org\/{rel}","templated":true}]}}