{"id":352,"date":"2023-09-14T01:01:16","date_gmt":"2023-09-13T23:01:16","guid":{"rendered":"https:\/\/www.glms.eu\/?page_id=352"},"modified":"2023-09-15T21:33:36","modified_gmt":"2023-09-15T19:33:36","slug":"mentions-legales","status":"publish","type":"page","link":"https:\/\/www.glms.eu\/index.php\/mentions-legales\/","title":{"rendered":"Mentions l\u00e9gales"},"content":{"rendered":"\n<p><\/p>\n\n\n\n<p>Le site de la GLMS \u00ab&nbsp;https:\/\/www.glms.eu&nbsp;\u00bb est \u00e9dit\u00e9 par la Grande Loge Mixte Souveraine (GLMS), r\u00e9gie par la loi de 1901 dont le num\u00e9ro de d\u00e9claration est W751167781.<\/p>\n\n\n\n<p>Le si\u00e8ge social de la GLMS &#8211; Grande Loge Mixte Souveraine est situ\u00e9 au 7 lieu dit Lestang \u00e0 Gornac (33540) &#8211; France.<\/p>\n\n\n\n<p>Adresse \u00e9lectronique de contact :&nbsp;<a href=\"mailto:webmaster@godf.org\">contact@glms.eu<\/a><\/p>\n\n\n\n<p>Le directeur de la publication :\u00a0Pierre GONFRIER.<\/p>\n\n\n\n<p>Le site glms.eu est h\u00e9berg\u00e9 par la soci\u00e9t\u00e9 OVH dont le si\u00e8ge social est situ\u00e9 au 2 rue Kellermann&nbsp;\u00e0 Roubaix&nbsp;(59100) \u2013 France.<\/p>\n","protected":false},"excerpt":{"rendered":"<p>Le site de la GLMS \u00ab&nbsp;https:\/\/www.glms.eu&nbsp;\u00bb est \u00e9dit\u00e9 par la Grande Loge Mixte Souveraine (GLMS), r\u00e9gie par la loi de 1901 dont le num\u00e9ro de d\u00e9claration est W751167781. Le si\u00e8ge social de la GLMS &#8211; Grande Loge Mixte Souveraine est situ\u00e9 au 7 lieu dit Lestang \u00e0 Gornac (33540) &#8211; France. Adresse \u00e9lectronique de contact &hellip; <\/p>\n<p class=\"link-more\"><a href=\"https:\/\/www.glms.eu\/index.php\/mentions-legales\/\" class=\"more-link\">Continuer la lecture<span class=\"screen-reader-text\"> de &laquo;&nbsp;Mentions l\u00e9gales&nbsp;&raquo;<\/span><\/a><\/p>\n","protected":false},"author":1,"featured_media":0,"parent":0,"menu_order":0,"comment_status":"closed","ping_status":"closed","template":"","meta":{"footnotes":""},"class_list":["post-352","page","type-page","status-publish","hentry"],"_links":{"self":[{"href":"https:\/\/www.glms.eu\/index.php\/wp-json\/wp\/v2\/pages\/352","targetHints":{"allow":["GET"]}}],"collection":[{"href":"https:\/\/www.glms.eu\/index.php\/wp-json\/wp\/v2\/pages"}],"about":[{"href":"https:\/\/www.glms.eu\/index.php\/wp-json\/wp\/v2\/types\/page"}],"author":[{"embeddable":true,"href":"https:\/\/www.glms.eu\/index.php\/wp-json\/wp\/v2\/users\/1"}],"replies":[{"embeddable":true,"href":"https:\/\/www.glms.eu\/index.php\/wp-json\/wp\/v2\/comments?post=352"}],"version-history":[{"count":4,"href":"https:\/\/www.glms.eu\/index.php\/wp-json\/wp\/v2\/pages\/352\/revisions"}],"predecessor-version":[{"id":363,"href":"https:\/\/www.glms.eu\/index.php\/wp-json\/wp\/v2\/pages\/352\/revisions\/363"}],"wp:attachment":[{"href":"https:\/\/www.glms.eu\/index.php\/wp-json\/wp\/v2\/media?parent=352"}],"curies":[{"name":"wp","href":"https:\/\/api.w.org\/{rel}","templated":true}]}}